{"id":2154,"date":"2022-05-01T00:29:53","date_gmt":"2022-04-30T22:29:53","guid":{"rendered":"https:\/\/beltracchi-project.de\/cms\/?page_id=2154"},"modified":"2022-05-01T00:31:07","modified_gmt":"2022-04-30T22:31:07","slug":"wolfgang-beltracchi","status":"publish","type":"page","link":"https:\/\/beltracchi-project.de\/cms\/wolfgang-beltracchi\/","title":{"rendered":"Wolfgang Beltracchi"},"content":{"rendered":"<div class=\"fusion-fullwidth fullwidth-box fusion-builder-row-1 fusion-flex-container fusion-parallax-none nonhundred-percent-fullwidth non-hundred-percent-height-scrolling lazyload\" style=\"background-color: hsla(var(--awb-color1-h),var(--awb-color1-s),var(--awb-color1-l),calc( var(--awb-color1-a) - 50% ));background-position: left top;background-repeat: no-repeat;background-blend-mode: overlay;border-width: 3px 0px 3px 0px;border-color:#888888;border-style:solid;-webkit-background-size:cover;-moz-background-size:cover;-o-background-size:cover;background-size:cover;\" data-bg=\"https:\/\/beltracchi-project.de\/cms\/wp-content\/uploads\/2022\/04\/wrapperbg-scaled.jpg\" ><div class=\"fusion-builder-row fusion-row fusion-flex-align-items-flex-start\" style=\"max-width:calc( 1170px + 0px );margin-left: calc(-0px \/ 2 );margin-right: calc(-0px \/ 2 );\"><div class=\"fusion-layout-column fusion_builder_column fusion-builder-column-0 fusion_builder_column_1_1 1_1 fusion-flex-column fusion-flex-align-self-flex-start fusion-column-no-min-height\"><div class=\"fusion-column-wrapper fusion-flex-justify-content-flex-start fusion-content-layout-column\" style=\"background-position:left top;background-blend-mode: overlay;background-repeat:no-repeat;-webkit-background-size:cover;-moz-background-size:cover;-o-background-size:cover;background-size:cover;padding: 0px 0px 0px 0px;\"><div style=\"text-align:left;\"><style type=\"text\/css\">.fusion-button.button-1 .fusion-button-text, .fusion-button.button-1 i {color:#ffffff;}.fusion-button.button-1 .fusion-button-icon-divider{border-color:#ffffff;}.fusion-button.button-1:hover .fusion-button-text, .fusion-button.button-1:hover i,.fusion-button.button-1:focus .fusion-button-text, .fusion-button.button-1:focus i,.fusion-button.button-1:active .fusion-button-text, .fusion-button.button-1:active{color:#ffffff;}.fusion-button.button-1:hover .fusion-button-icon-divider, .fusion-button.button-1:hover .fusion-button-icon-divider, .fusion-button.button-1:active .fusion-button-icon-divider{border-color:#ffffff;}.fusion-button.button-1:hover, .fusion-button.button-1:focus, .fusion-button.button-1:active{border-color:var(--awb-color1);}.fusion-button.button-1 {border-color:var(--awb-color1);border-radius:0px;}.fusion-button.button-1{background: #000000;}.fusion-button.button-1:hover,.button-1:focus,.fusion-button.button-1:active{background: #000000;\n\t\t\t\t\t\t\tbackground-image: -webkit-gradient( linear, left bottom, left top, from( hsla(var(--awb-color5-h),calc(var(--awb-color5-s) - 2%),calc(var(--awb-color5-l) - 7%),var(--awb-color5-a)) ), to( #000000 ) );\n\t\t\t\t\t\t\tbackground-image: -webkit-linear-gradient( bottom, hsla(var(--awb-color5-h),calc(var(--awb-color5-s) - 2%),calc(var(--awb-color5-l) - 7%),var(--awb-color5-a)), #000000 );\n\t\t\t\t\t\t\tbackground-image:   -moz-linear-gradient( bottom, hsla(var(--awb-color5-h),calc(var(--awb-color5-s) - 2%),calc(var(--awb-color5-l) - 7%),var(--awb-color5-a)), #000000 );\n\t\t\t\t\t\t\tbackground-image:     -o-linear-gradient( bottom, hsla(var(--awb-color5-h),calc(var(--awb-color5-s) - 2%),calc(var(--awb-color5-l) - 7%),var(--awb-color5-a)), #000000 );\n\t\t\t\t\t\t\tbackground-image: linear-gradient( to top, hsla(var(--awb-color5-h),calc(var(--awb-color5-s) - 2%),calc(var(--awb-color5-l) - 7%),var(--awb-color5-a)), #000000 );}<\/style><a class=\"fusion-button button-flat button-xlarge button-custom button-1 fusion-button-default-span fusion-button-default-type\" target=\"_self\"><span class=\"fusion-button-text\">WOLFGANG BELTRACCHI<\/span><\/a><\/div><div class=\"fusion-separator fusion-full-width-sep\" style=\"align-self: center;margin-left: auto;margin-right: auto;margin-top:20px;margin-bottom:20px;width:100%;\"><\/div><div class=\"fusion-text fusion-text-1\"><p><img class=\"lazyload alignleft wp-image-2156 size-full\" src=\"data:image\/svg+xml,%3Csvg%20xmlns%3D%27http%3A%2F%2Fwww.w3.org%2F2000%2Fsvg%27%20width%3D%27200%27%20height%3D%27300%27%20viewBox%3D%270%200%20200%20300%27%3E%3Crect%20width%3D%27200%27%20height%3D%273300%27%20fill-opacity%3D%220%22%2F%3E%3C%2Fsvg%3E\" data-orig-src=\"https:\/\/beltracchi-project.de\/cms\/wp-content\/uploads\/2022\/05\/wolfgangbeltracchi.jpg\" alt=\"\" width=\"200\" height=\"300\" \/><\/p>\n<p>Als Kind des Kirchenmalers Wilhelm Fischer lebte der Maler Wolfgang Beltracchi bereits seit fr\u00fcher Kindheit zwischen profaner Malerei und der malerischen Interpretation religi\u00f6ser Themen. Mit der Liebe des Vaters zur Malerei des niederl\u00e4ndischen 17ten Jahrhunderts wurde der jugendliche K\u00fcnstler von der Maltechnik der \u201eAltmeister\u201c gepr\u00e4gt. Bereits im Alter von 15 Jahren hatte er unter der Anleitung seines Vaters hohes malerisches K\u00f6nnen erlangt.<\/p>\n<p>Mit 17 Jahren begann er an der Werkkunstschule Aachen ein Studium der Bildhauerei, Illustration und Fotografie.<\/p>\n<p>In jungen Jahren erweiterte er sein Wissen um europ\u00e4ische Malerei aller Jahrhunderte w\u00e4hrend seiner Reisen durch Europa und Nordafrika.<\/p>\n<p>Erste eigene Werke stellte er seit 1975 erfolgreich aus.\u00a0Neben der Malerei schrieb er Drehb\u00fccher, produzierte Videoclips und besch\u00e4ftigte sich mit der Erstellung von Dokumentarfilmen. Sein haupts\u00e4chliches Bet\u00e4tigungsfeld blieb aber die Malerei und Bildhauerei.<\/p>\n<p>Zur Webseite des K\u00fcnstlers Wolfgang Beltracchi gelangen Sie hier: <a href=\"https:\/\/www.beltracchi-art.com\/\" target=\"_blank\" rel=\"noopener\">www.beltracchi-art.com<\/a><\/p>\n<\/div><\/div><\/div><style type=\"text\/css\">.fusion-body .fusion-builder-column-0{width:100% !important;margin-top : 0px;margin-bottom : 0px;}.fusion-builder-column-0 > .fusion-column-wrapper {padding-top : 0px !important;padding-right : 0px !important;margin-right : 0px;padding-bottom : 0px !important;padding-left : 0px !important;margin-left : 0px;}@media only screen and (max-width:1024px) {.fusion-body .fusion-builder-column-0{width:100% !important;}.fusion-builder-column-0 > .fusion-column-wrapper {margin-right : 0px;margin-left : 0px;}}@media only screen and (max-width:850px) {.fusion-body .fusion-builder-column-0{width:100% !important;}.fusion-builder-column-0 > .fusion-column-wrapper {margin-right : 0px;margin-left : 0px;}}<\/style><\/div><style type=\"text\/css\">.fusion-body .fusion-flex-container.fusion-builder-row-1{ padding-top : 60px;margin-top : 0px;padding-right : 0px;padding-bottom : 60px;margin-bottom : 0px;padding-left : 0px;}<\/style><\/div>\n","protected":false},"excerpt":{"rendered":"","protected":false},"author":1,"featured_media":0,"parent":0,"menu_order":0,"comment_status":"open","ping_status":"closed","template":"100-width.php","meta":[],"_links":{"self":[{"href":"https:\/\/beltracchi-project.de\/cms\/wp-json\/wp\/v2\/pages\/2154"}],"collection":[{"href":"https:\/\/beltracchi-project.de\/cms\/wp-json\/wp\/v2\/pages"}],"about":[{"href":"https:\/\/beltracchi-project.de\/cms\/wp-json\/wp\/v2\/types\/page"}],"author":[{"embeddable":true,"href":"https:\/\/beltracchi-project.de\/cms\/wp-json\/wp\/v2\/users\/1"}],"replies":[{"embeddable":true,"href":"https:\/\/beltracchi-project.de\/cms\/wp-json\/wp\/v2\/comments?post=2154"}],"version-history":[{"count":2,"href":"https:\/\/beltracchi-project.de\/cms\/wp-json\/wp\/v2\/pages\/2154\/revisions"}],"predecessor-version":[{"id":2157,"href":"https:\/\/beltracchi-project.de\/cms\/wp-json\/wp\/v2\/pages\/2154\/revisions\/2157"}],"wp:attachment":[{"href":"https:\/\/beltracchi-project.de\/cms\/wp-json\/wp\/v2\/media?parent=2154"}],"curies":[{"name":"wp","href":"https:\/\/api.w.org\/{rel}","templated":true}]}}