{"id":2410,"date":"2022-05-01T00:12:47","date_gmt":"2022-04-30T22:12:47","guid":{"rendered":"https:\/\/beltracchi-project.de\/cms\/beltracchi-project\/"},"modified":"2022-05-02T13:46:32","modified_gmt":"2022-05-02T11:46:32","slug":"beltracchi-project","status":"publish","type":"page","link":"https:\/\/beltracchi-project.de\/cms\/beltracchi-project\/?lang=fr","title":{"rendered":"Beltracchi Project\u00a9"},"content":{"rendered":"<div class=\"fusion-fullwidth fullwidth-box fusion-builder-row-1 fusion-flex-container fusion-parallax-none nonhundred-percent-fullwidth non-hundred-percent-height-scrolling lazyload\" style=\"background-color: hsla(var(--awb-color1-h),var(--awb-color1-s),var(--awb-color1-l),calc( var(--awb-color1-a) - 50% ));background-position: left top;background-repeat: no-repeat;background-blend-mode: overlay;border-width: 3px 0px 3px 0px;border-color:#888888;border-style:solid;-webkit-background-size:cover;-moz-background-size:cover;-o-background-size:cover;background-size:cover;\" data-bg=\"https:\/\/beltracchi-project.de\/cms\/wp-content\/uploads\/2022\/04\/wrapperbg-scaled.jpg\" ><div class=\"fusion-builder-row fusion-row fusion-flex-align-items-flex-start\" style=\"max-width:calc( 1170px + 0px );margin-left: calc(-0px \/ 2 );margin-right: calc(-0px \/ 2 );\"><div class=\"fusion-layout-column fusion_builder_column fusion-builder-column-0 fusion_builder_column_1_1 1_1 fusion-flex-column fusion-flex-align-self-flex-start fusion-column-no-min-height\"><div class=\"fusion-column-wrapper fusion-flex-justify-content-flex-start fusion-content-layout-column\" style=\"background-position:left top;background-blend-mode: overlay;background-repeat:no-repeat;-webkit-background-size:cover;-moz-background-size:cover;-o-background-size:cover;background-size:cover;padding: 0px 0px 0px 0px;\"><div style=\"text-align:left;\"><style type=\"text\/css\">.fusion-button.button-1 .fusion-button-text, .fusion-button.button-1 i {color:#ffffff;}.fusion-button.button-1 .fusion-button-icon-divider{border-color:#ffffff;}.fusion-button.button-1:hover .fusion-button-text, .fusion-button.button-1:hover i,.fusion-button.button-1:focus .fusion-button-text, .fusion-button.button-1:focus i,.fusion-button.button-1:active .fusion-button-text, .fusion-button.button-1:active{color:#ffffff;}.fusion-button.button-1:hover .fusion-button-icon-divider, .fusion-button.button-1:hover .fusion-button-icon-divider, .fusion-button.button-1:active .fusion-button-icon-divider{border-color:#ffffff;}.fusion-button.button-1:hover, .fusion-button.button-1:focus, .fusion-button.button-1:active{border-color:var(--awb-color1);}.fusion-button.button-1 {border-color:var(--awb-color1);border-radius:0px;}.fusion-button.button-1{background: #000000;}.fusion-button.button-1:hover,.button-1:focus,.fusion-button.button-1:active{background: #000000;\n\t\t\t\t\t\t\tbackground-image: -webkit-gradient( linear, left bottom, left top, from( hsla(var(--awb-color5-h),calc(var(--awb-color5-s) - 2%),calc(var(--awb-color5-l) - 7%),var(--awb-color5-a)) ), to( #000000 ) );\n\t\t\t\t\t\t\tbackground-image: -webkit-linear-gradient( bottom, hsla(var(--awb-color5-h),calc(var(--awb-color5-s) - 2%),calc(var(--awb-color5-l) - 7%),var(--awb-color5-a)), #000000 );\n\t\t\t\t\t\t\tbackground-image:   -moz-linear-gradient( bottom, hsla(var(--awb-color5-h),calc(var(--awb-color5-s) - 2%),calc(var(--awb-color5-l) - 7%),var(--awb-color5-a)), #000000 );\n\t\t\t\t\t\t\tbackground-image:     -o-linear-gradient( bottom, hsla(var(--awb-color5-h),calc(var(--awb-color5-s) - 2%),calc(var(--awb-color5-l) - 7%),var(--awb-color5-a)), #000000 );\n\t\t\t\t\t\t\tbackground-image: linear-gradient( to top, hsla(var(--awb-color5-h),calc(var(--awb-color5-s) - 2%),calc(var(--awb-color5-l) - 7%),var(--awb-color5-a)), #000000 );}<\/style><a class=\"fusion-button button-flat button-xlarge button-custom button-1 fusion-button-default-span fusion-button-default-type\" target=\"_self\"><span class=\"fusion-button-text\">BELTRACCHI PROJECT\u00a9 <\/span><\/a><\/div><div class=\"fusion-separator fusion-full-width-sep\" style=\"align-self: center;margin-left: auto;margin-right: auto;margin-top:20px;margin-bottom:20px;width:100%;\"><\/div><div class=\"fusion-text fusion-text-1\"><p>Photographe MANFRED ESSER<br \/>\nPeintre WOLFGANG BELTRACCHI<\/p>\n<p>Le \u00ab\u00a0Project Beltracchi\u00a0\u00bb sont des travaux de photographie de Manfred Esser, repeints par Wolfgang Beltracchi.<\/p>\n<p>Le th\u00e8me de la premi\u00e8re s\u00e9rie se compose de diff\u00e9rents retirages photo en grand format, noirs+ blancs et en couleur qui montrent le portrait du peintre Wolfgang Beltracchi. Le repeint fait une pi\u00e8ce unique de chaque tableau.<\/p>\n<p>L\u00b4id\u00e9e de la coop\u00e9ration artistique s\u00b4est d\u00e9velopp\u00e9e \u00e0 cause de la longue amiti\u00e9 entre les deux artistes et les exp\u00e9riences tranchantes de Wolfgang Beltracchi dans le proc\u00e8s devant le tribunal de grande instance de Cologne et le temps pass\u00e9 en prison.<\/p>\n<p>Manfred Esser a aid\u00e9 son ami en ces temps durs. Gr\u00e2ce \u00e0 l\u00b4aide de cette amiti\u00e9 Wolfgang Beltracchi a pu transmettre ses exp\u00e9riences dans une nouvelle forme. Le projet entre les deux artistes a donc \u00e9t\u00e9 r\u00e9alis\u00e9, Beltracchi y assimile sa relation avec les artistes de la moderne classique par une voie diff\u00e9rente.<\/p>\n<p>L\u00b4influence cr\u00e9ative des artistes du d\u00e9but vingti\u00e8me si\u00e8cle sur la vie du peintre se refl\u00e8te dans le fa\u00e7onnage pictural des photographies expressives.<\/p>\n<p>La symbiose de la peinture et des photographies m\u00e8ne \u00e0 une tension cr\u00e9ative dans laquelle se manifeste le d\u00e9veloppement de la peinture du dernier si\u00e8cle de fa\u00e7on contemporaine.<\/p>\n<p>La question \u00ab\u00a0qu\u2019est-ce qu\u2019un original\u00bb est pos\u00e9e \u00e0 nouveau.<\/p>\n<p>Nous avons fini la corespondence et donc le Projet Beltracchi le 01\/09\/2012, parce que Wolfgang Beltracchi se consacre \u00e0 d\u2019autres projets \u00e0 propre initiative.<br \/>\nPour visiter le site de Wolfgang Beltracchi cliquez ici: <a href=\"https:\/\/www.beltracchi-art.com\/\" target=\"_blank\" rel=\"noopener\">www.beltracchi-art.com<\/a><\/p>\n<\/div><\/div><\/div><style type=\"text\/css\">.fusion-body .fusion-builder-column-0{width:100% !important;margin-top : 0px;margin-bottom : 0px;}.fusion-builder-column-0 > .fusion-column-wrapper {padding-top : 0px !important;padding-right : 0px !important;margin-right : 0px;padding-bottom : 0px !important;padding-left : 0px !important;margin-left : 0px;}@media only screen and (max-width:1024px) {.fusion-body .fusion-builder-column-0{width:100% !important;}.fusion-builder-column-0 > .fusion-column-wrapper {margin-right : 0px;margin-left : 0px;}}@media only screen and (max-width:850px) {.fusion-body .fusion-builder-column-0{width:100% !important;}.fusion-builder-column-0 > .fusion-column-wrapper {margin-right : 0px;margin-left : 0px;}}<\/style><\/div><style type=\"text\/css\">.fusion-body .fusion-flex-container.fusion-builder-row-1{ padding-top : 60px;margin-top : 0px;padding-right : 0px;padding-bottom : 60px;margin-bottom : 0px;padding-left : 0px;}<\/style><\/div>\n","protected":false},"excerpt":{"rendered":"","protected":false},"author":1,"featured_media":0,"parent":0,"menu_order":0,"comment_status":"open","ping_status":"closed","template":"100-width.php","meta":[],"_links":{"self":[{"href":"https:\/\/beltracchi-project.de\/cms\/wp-json\/wp\/v2\/pages\/2410"}],"collection":[{"href":"https:\/\/beltracchi-project.de\/cms\/wp-json\/wp\/v2\/pages"}],"about":[{"href":"https:\/\/beltracchi-project.de\/cms\/wp-json\/wp\/v2\/types\/page"}],"author":[{"embeddable":true,"href":"https:\/\/beltracchi-project.de\/cms\/wp-json\/wp\/v2\/users\/1"}],"replies":[{"embeddable":true,"href":"https:\/\/beltracchi-project.de\/cms\/wp-json\/wp\/v2\/comments?post=2410"}],"version-history":[{"count":4,"href":"https:\/\/beltracchi-project.de\/cms\/wp-json\/wp\/v2\/pages\/2410\/revisions"}],"predecessor-version":[{"id":2473,"href":"https:\/\/beltracchi-project.de\/cms\/wp-json\/wp\/v2\/pages\/2410\/revisions\/2473"}],"wp:attachment":[{"href":"https:\/\/beltracchi-project.de\/cms\/wp-json\/wp\/v2\/media?parent=2410"}],"curies":[{"name":"wp","href":"https:\/\/api.w.org\/{rel}","templated":true}]}}