{"id":2413,"date":"2022-05-01T00:12:47","date_gmt":"2022-04-30T22:12:47","guid":{"rendered":"https:\/\/beltracchi-project.de\/cms\/el-proyecto-beltracchi\/"},"modified":"2022-05-02T13:46:39","modified_gmt":"2022-05-02T11:46:39","slug":"el-proyecto-beltracchi","status":"publish","type":"page","link":"https:\/\/beltracchi-project.de\/cms\/el-proyecto-beltracchi\/?lang=es","title":{"rendered":"El proyecto Beltracchi \u00a9"},"content":{"rendered":"<div class=\"fusion-fullwidth fullwidth-box fusion-builder-row-1 fusion-flex-container fusion-parallax-none nonhundred-percent-fullwidth non-hundred-percent-height-scrolling lazyload\" style=\"background-color: hsla(var(--awb-color1-h),var(--awb-color1-s),var(--awb-color1-l),calc( var(--awb-color1-a) - 50% ));background-position: left top;background-repeat: no-repeat;background-blend-mode: overlay;border-width: 3px 0px 3px 0px;border-color:#888888;border-style:solid;-webkit-background-size:cover;-moz-background-size:cover;-o-background-size:cover;background-size:cover;\" data-bg=\"https:\/\/beltracchi-project.de\/cms\/wp-content\/uploads\/2022\/04\/wrapperbg-scaled.jpg\" ><div class=\"fusion-builder-row fusion-row fusion-flex-align-items-flex-start\" style=\"max-width:calc( 1170px + 0px );margin-left: calc(-0px \/ 2 );margin-right: calc(-0px \/ 2 );\"><div class=\"fusion-layout-column fusion_builder_column fusion-builder-column-0 fusion_builder_column_1_1 1_1 fusion-flex-column fusion-flex-align-self-flex-start fusion-column-no-min-height\"><div class=\"fusion-column-wrapper fusion-flex-justify-content-flex-start fusion-content-layout-column\" style=\"background-position:left top;background-blend-mode: overlay;background-repeat:no-repeat;-webkit-background-size:cover;-moz-background-size:cover;-o-background-size:cover;background-size:cover;padding: 0px 0px 0px 0px;\"><div style=\"text-align:left;\"><style type=\"text\/css\">.fusion-button.button-1 .fusion-button-text, .fusion-button.button-1 i {color:#ffffff;}.fusion-button.button-1 .fusion-button-icon-divider{border-color:#ffffff;}.fusion-button.button-1:hover .fusion-button-text, .fusion-button.button-1:hover i,.fusion-button.button-1:focus .fusion-button-text, .fusion-button.button-1:focus i,.fusion-button.button-1:active .fusion-button-text, .fusion-button.button-1:active{color:#ffffff;}.fusion-button.button-1:hover .fusion-button-icon-divider, .fusion-button.button-1:hover .fusion-button-icon-divider, .fusion-button.button-1:active .fusion-button-icon-divider{border-color:#ffffff;}.fusion-button.button-1:hover, .fusion-button.button-1:focus, .fusion-button.button-1:active{border-color:var(--awb-color1);}.fusion-button.button-1 {border-color:var(--awb-color1);border-radius:0px;}.fusion-button.button-1{background: #000000;}.fusion-button.button-1:hover,.button-1:focus,.fusion-button.button-1:active{background: #000000;\n\t\t\t\t\t\t\tbackground-image: -webkit-gradient( linear, left bottom, left top, from( hsla(var(--awb-color5-h),calc(var(--awb-color5-s) - 2%),calc(var(--awb-color5-l) - 7%),var(--awb-color5-a)) ), to( #000000 ) );\n\t\t\t\t\t\t\tbackground-image: -webkit-linear-gradient( bottom, hsla(var(--awb-color5-h),calc(var(--awb-color5-s) - 2%),calc(var(--awb-color5-l) - 7%),var(--awb-color5-a)), #000000 );\n\t\t\t\t\t\t\tbackground-image:   -moz-linear-gradient( bottom, hsla(var(--awb-color5-h),calc(var(--awb-color5-s) - 2%),calc(var(--awb-color5-l) - 7%),var(--awb-color5-a)), #000000 );\n\t\t\t\t\t\t\tbackground-image:     -o-linear-gradient( bottom, hsla(var(--awb-color5-h),calc(var(--awb-color5-s) - 2%),calc(var(--awb-color5-l) - 7%),var(--awb-color5-a)), #000000 );\n\t\t\t\t\t\t\tbackground-image: linear-gradient( to top, hsla(var(--awb-color5-h),calc(var(--awb-color5-s) - 2%),calc(var(--awb-color5-l) - 7%),var(--awb-color5-a)), #000000 );}<\/style><a class=\"fusion-button button-flat button-xlarge button-custom button-1 fusion-button-default-span fusion-button-default-type\" target=\"_self\"><span class=\"fusion-button-text\">EL PROYECTO BELTRACCHI \u00a9 <\/span><\/a><\/div><div class=\"fusion-separator fusion-full-width-sep\" style=\"align-self: center;margin-left: auto;margin-right: auto;margin-top:20px;margin-bottom:20px;width:100%;\"><\/div><div class=\"fusion-text fusion-text-1\"><p>Fot\u00f3grafo MANFRED ESSER<br \/>\nPintor WOLFGANG BELTRACCHI<\/p>\n<p>El &#8222;Proyecto Beltracchi&#8220; se compone de obras fotogr\u00e1ficas de Manfred Esser, sobrepintadas por Wolfgang Beltracchi.<\/p>\n<p>El tema de la primera serie est\u00e1 compuesto por diversas fotos de gran formato, impresas en blanco \/ negro y colores, que muestran el retrato del artista Wolfgang Beltracchi. \u2028Una vez sobrepintada, cada foto es \u00fanica.<\/p>\n<p>La idea de la colaboraci\u00f3n art\u00edstica surgi\u00f3 de la larga amistad entre los dos artistas y las dram\u00e1ticas experiencias personales de Wolfgang Beltracchi por el proceso ante el Tribunal Regional de Colonia y el correspondiente tiempo en prisi\u00f3n.<\/p>\n<p>Manfred Esser apoya a su amigo en estos dif\u00edciles momentos. Gracias a esta amistad, Wolfgang Beltracchi fue capaz de contar su experiencia en una manera vanguardista. Se cre\u00f3 el proyecto de los dos artistas, donde Beltracchi pudo explorar su relaci\u00f3n con los pintores de la obra cl\u00e1sica moderna desde una nueva perspectiva.<\/p>\n<p>La influencia creativa de los artistas de principios del siglo XX sobre la vida del pintor se refleja en la edici\u00f3n pict\u00f3rica de las fotograf\u00edas expresivas.<\/p>\n<p>La simbiosis de pintura + fotograf\u00eda nos conduce a una tensi\u00f3n creativa que expresa el desarrollo de la pintura del siglo pasado de una forma contempor\u00e1nea.\u2028 Se hace de nuevo la pregunta: <em>&#8222;\u00bfQu\u00e9 es un original?&#8220;<\/em>.<\/p>\n<p>La colaboraci\u00f3n y el Proyecto Beltracchi terminado el 01.09.2012 porque Wolfgang Beltracchi ahora se dedic\u00f3 otros proyectos por iniciativa propia.<br \/>\nPara visitar la p\u00e1gina de Wolfgang Beltracchi por favor clic aqui: <a href=\"https:\/\/www.beltracchi-art.com\" target=\"_blank\" rel=\"noopener\">www.beltracchi-art.com<\/a><\/p>\n<\/div><\/div><\/div><style type=\"text\/css\">.fusion-body .fusion-builder-column-0{width:100% !important;margin-top : 0px;margin-bottom : 0px;}.fusion-builder-column-0 > .fusion-column-wrapper {padding-top : 0px !important;padding-right : 0px !important;margin-right : 0px;padding-bottom : 0px !important;padding-left : 0px !important;margin-left : 0px;}@media only screen and (max-width:1024px) {.fusion-body .fusion-builder-column-0{width:100% !important;}.fusion-builder-column-0 > .fusion-column-wrapper {margin-right : 0px;margin-left : 0px;}}@media only screen and (max-width:850px) {.fusion-body .fusion-builder-column-0{width:100% !important;}.fusion-builder-column-0 > .fusion-column-wrapper {margin-right : 0px;margin-left : 0px;}}<\/style><\/div><style type=\"text\/css\">.fusion-body .fusion-flex-container.fusion-builder-row-1{ padding-top : 60px;margin-top : 0px;padding-right : 0px;padding-bottom : 60px;margin-bottom : 0px;padding-left : 0px;}<\/style><\/div>\n","protected":false},"excerpt":{"rendered":"","protected":false},"author":1,"featured_media":0,"parent":0,"menu_order":0,"comment_status":"open","ping_status":"closed","template":"100-width.php","meta":[],"_links":{"self":[{"href":"https:\/\/beltracchi-project.de\/cms\/wp-json\/wp\/v2\/pages\/2413"}],"collection":[{"href":"https:\/\/beltracchi-project.de\/cms\/wp-json\/wp\/v2\/pages"}],"about":[{"href":"https:\/\/beltracchi-project.de\/cms\/wp-json\/wp\/v2\/types\/page"}],"author":[{"embeddable":true,"href":"https:\/\/beltracchi-project.de\/cms\/wp-json\/wp\/v2\/users\/1"}],"replies":[{"embeddable":true,"href":"https:\/\/beltracchi-project.de\/cms\/wp-json\/wp\/v2\/comments?post=2413"}],"version-history":[{"count":4,"href":"https:\/\/beltracchi-project.de\/cms\/wp-json\/wp\/v2\/pages\/2413\/revisions"}],"predecessor-version":[{"id":2475,"href":"https:\/\/beltracchi-project.de\/cms\/wp-json\/wp\/v2\/pages\/2413\/revisions\/2475"}],"wp:attachment":[{"href":"https:\/\/beltracchi-project.de\/cms\/wp-json\/wp\/v2\/media?parent=2413"}],"curies":[{"name":"wp","href":"https:\/\/api.w.org\/{rel}","templated":true}]}}