{"id":2428,"date":"2022-05-01T00:29:53","date_gmt":"2022-04-30T22:29:53","guid":{"rendered":"https:\/\/beltracchi-project.de\/cms\/wolfgang-beltracchi\/"},"modified":"2022-05-02T13:21:11","modified_gmt":"2022-05-02T11:21:11","slug":"wolfgang-beltracchi","status":"publish","type":"page","link":"https:\/\/beltracchi-project.de\/cms\/wolfgang-beltracchi\/?lang=fr","title":{"rendered":"Wolfgang Beltracchi"},"content":{"rendered":"<div class=\"fusion-fullwidth fullwidth-box fusion-builder-row-1 fusion-flex-container fusion-parallax-none nonhundred-percent-fullwidth non-hundred-percent-height-scrolling lazyload\" style=\"background-color: hsla(var(--awb-color1-h),var(--awb-color1-s),var(--awb-color1-l),calc( var(--awb-color1-a) - 50% ));background-position: left top;background-repeat: no-repeat;background-blend-mode: overlay;border-width: 3px 0px 3px 0px;border-color:#888888;border-style:solid;-webkit-background-size:cover;-moz-background-size:cover;-o-background-size:cover;background-size:cover;\" data-bg=\"https:\/\/beltracchi-project.de\/cms\/wp-content\/uploads\/2022\/04\/wrapperbg-scaled.jpg\" ><div class=\"fusion-builder-row fusion-row fusion-flex-align-items-flex-start\" style=\"max-width:calc( 1170px + 0px );margin-left: calc(-0px \/ 2 );margin-right: calc(-0px \/ 2 );\"><div class=\"fusion-layout-column fusion_builder_column fusion-builder-column-0 fusion_builder_column_1_1 1_1 fusion-flex-column fusion-flex-align-self-flex-start fusion-column-no-min-height\"><div class=\"fusion-column-wrapper fusion-flex-justify-content-flex-start fusion-content-layout-column\" style=\"background-position:left top;background-blend-mode: overlay;background-repeat:no-repeat;-webkit-background-size:cover;-moz-background-size:cover;-o-background-size:cover;background-size:cover;padding: 0px 0px 0px 0px;\"><div style=\"text-align:left;\"><style type=\"text\/css\">.fusion-button.button-1 .fusion-button-text, .fusion-button.button-1 i {color:#ffffff;}.fusion-button.button-1 .fusion-button-icon-divider{border-color:#ffffff;}.fusion-button.button-1:hover .fusion-button-text, .fusion-button.button-1:hover i,.fusion-button.button-1:focus .fusion-button-text, .fusion-button.button-1:focus i,.fusion-button.button-1:active .fusion-button-text, .fusion-button.button-1:active{color:#ffffff;}.fusion-button.button-1:hover .fusion-button-icon-divider, .fusion-button.button-1:hover .fusion-button-icon-divider, .fusion-button.button-1:active .fusion-button-icon-divider{border-color:#ffffff;}.fusion-button.button-1:hover, .fusion-button.button-1:focus, .fusion-button.button-1:active{border-color:var(--awb-color1);}.fusion-button.button-1 {border-color:var(--awb-color1);border-radius:0px;}.fusion-button.button-1{background: #000000;}.fusion-button.button-1:hover,.button-1:focus,.fusion-button.button-1:active{background: #000000;\n\t\t\t\t\t\t\tbackground-image: -webkit-gradient( linear, left bottom, left top, from( hsla(var(--awb-color5-h),calc(var(--awb-color5-s) - 2%),calc(var(--awb-color5-l) - 7%),var(--awb-color5-a)) ), to( #000000 ) );\n\t\t\t\t\t\t\tbackground-image: -webkit-linear-gradient( bottom, hsla(var(--awb-color5-h),calc(var(--awb-color5-s) - 2%),calc(var(--awb-color5-l) - 7%),var(--awb-color5-a)), #000000 );\n\t\t\t\t\t\t\tbackground-image:   -moz-linear-gradient( bottom, hsla(var(--awb-color5-h),calc(var(--awb-color5-s) - 2%),calc(var(--awb-color5-l) - 7%),var(--awb-color5-a)), #000000 );\n\t\t\t\t\t\t\tbackground-image:     -o-linear-gradient( bottom, hsla(var(--awb-color5-h),calc(var(--awb-color5-s) - 2%),calc(var(--awb-color5-l) - 7%),var(--awb-color5-a)), #000000 );\n\t\t\t\t\t\t\tbackground-image: linear-gradient( to top, hsla(var(--awb-color5-h),calc(var(--awb-color5-s) - 2%),calc(var(--awb-color5-l) - 7%),var(--awb-color5-a)), #000000 );}<\/style><a class=\"fusion-button button-flat button-xlarge button-custom button-1 fusion-button-default-span fusion-button-default-type\" target=\"_self\"><span class=\"fusion-button-text\">Wolfgang Beltracchi<\/span><\/a><\/div><div class=\"fusion-separator fusion-full-width-sep\" style=\"align-self: center;margin-left: auto;margin-right: auto;margin-top:20px;margin-bottom:20px;width:100%;\"><\/div><div class=\"fusion-text fusion-text-1\"><p><img class=\"lazyload alignleft wp-image-2156 size-full\" src=\"data:image\/svg+xml,%3Csvg%20xmlns%3D%27http%3A%2F%2Fwww.w3.org%2F2000%2Fsvg%27%20width%3D%27200%27%20height%3D%27300%27%20viewBox%3D%270%200%20200%20300%27%3E%3Crect%20width%3D%27200%27%20height%3D%273300%27%20fill-opacity%3D%220%22%2F%3E%3C%2Fsvg%3E\" data-orig-src=\"https:\/\/beltracchi-project.de\/cms\/wp-content\/uploads\/2022\/05\/wolfgangbeltracchi.jpg\" alt=\"\" width=\"200\" height=\"300\" \/><\/p>\n<p>Comme enfant du peintre d\u00b4\u00e9glises Wilhelm Fischer, d\u00e8s son enfance le peintre Wolfgang Beltracchi vivait entour\u00e9 de la peinture profane et de l\u00b4interpr\u00e9tation picturale de th\u00e8mes religieux. Avec l\u00b4amour de son p\u00e8re envers la peinture n\u00e9erlandaise du 17i\u00e8me si\u00e8cle le jeune adolescent fut marqu\u00e9 par la technique de peinture des anciens ma\u00eetres. Avec l\u00b4instruction de son p\u00e8re il avait d\u00e9j\u00e0 acquis, \u00e0 l\u00b4age de 15 ans, une capacit\u00e9 picturale impressionnante.<\/p>\n<p>\u00c2g\u00e9 de 17 ans, il commen\u00e7a ses \u00e9tudes de sculpture, d\u00b4illustration et de photographie \u00e0 l\u00b4\u00e9cole nationale sup\u00e9rieure des Arts appliqu\u00e9s et des m\u00e9tiers d\u2019art d\u00b4 Aix-la-Chapelle.<\/p>\n<p>Dans ses vertes ann\u00e9es il agrandit sa connaissance de la peinture europ\u00e9enne de tout les si\u00e8cles pendant de nombreux voyages en Europe et en Afrique du Nord.<\/p>\n<p>Il exposa avec succ\u00e8s ses premi\u00e8res \u0153uvres en 1975. En plus de la peinture il \u00e9crit des d\u00e9coupages, produit des clips vid\u00e9o et se lan\u00e7a dans la r\u00e9alisation de documentaires. Mais son secteur d\u00b4activit\u00e9 principal a toujours \u00e9t\u00e9 la peinture et la sculpture.<\/p>\n<p>Pour visiter le site de Wolfgang Beltracchi cliquez ici: www.beltracchi-art.com<\/p>\n<\/div><\/div><\/div><style type=\"text\/css\">.fusion-body .fusion-builder-column-0{width:100% !important;margin-top : 0px;margin-bottom : 0px;}.fusion-builder-column-0 > .fusion-column-wrapper {padding-top : 0px !important;padding-right : 0px !important;margin-right : 0px;padding-bottom : 0px !important;padding-left : 0px !important;margin-left : 0px;}@media only screen and (max-width:1024px) {.fusion-body .fusion-builder-column-0{width:100% !important;}.fusion-builder-column-0 > .fusion-column-wrapper {margin-right : 0px;margin-left : 0px;}}@media only screen and (max-width:850px) {.fusion-body .fusion-builder-column-0{width:100% !important;}.fusion-builder-column-0 > .fusion-column-wrapper {margin-right : 0px;margin-left : 0px;}}<\/style><\/div><style type=\"text\/css\">.fusion-body .fusion-flex-container.fusion-builder-row-1{ padding-top : 60px;margin-top : 0px;padding-right : 0px;padding-bottom : 60px;margin-bottom : 0px;padding-left : 0px;}<\/style><\/div>\n","protected":false},"excerpt":{"rendered":"","protected":false},"author":1,"featured_media":0,"parent":0,"menu_order":0,"comment_status":"open","ping_status":"closed","template":"100-width.php","meta":[],"_links":{"self":[{"href":"https:\/\/beltracchi-project.de\/cms\/wp-json\/wp\/v2\/pages\/2428"}],"collection":[{"href":"https:\/\/beltracchi-project.de\/cms\/wp-json\/wp\/v2\/pages"}],"about":[{"href":"https:\/\/beltracchi-project.de\/cms\/wp-json\/wp\/v2\/types\/page"}],"author":[{"embeddable":true,"href":"https:\/\/beltracchi-project.de\/cms\/wp-json\/wp\/v2\/users\/1"}],"replies":[{"embeddable":true,"href":"https:\/\/beltracchi-project.de\/cms\/wp-json\/wp\/v2\/comments?post=2428"}],"version-history":[{"count":2,"href":"https:\/\/beltracchi-project.de\/cms\/wp-json\/wp\/v2\/pages\/2428\/revisions"}],"predecessor-version":[{"id":2430,"href":"https:\/\/beltracchi-project.de\/cms\/wp-json\/wp\/v2\/pages\/2428\/revisions\/2430"}],"wp:attachment":[{"href":"https:\/\/beltracchi-project.de\/cms\/wp-json\/wp\/v2\/media?parent=2428"}],"curies":[{"name":"wp","href":"https:\/\/api.w.org\/{rel}","templated":true}]}}